{"id":79,"date":"2024-09-17T14:49:43","date_gmt":"2024-09-17T14:49:43","guid":{"rendered":"http:\/\/www.yatinternet.com\/?page_id=79"},"modified":"2024-09-17T14:49:43","modified_gmt":"2024-09-17T14:49:43","slug":"iletisim","status":"publish","type":"page","link":"http:\/\/www.yatinternet.com\/?page_id=79","title":{"rendered":"\u0130leti\u015fim"},"content":{"rendered":"<div class=\"vc_row wpb_row vc_row-fluid\">\n<div class=\"wpb_column vc_column_container vc_col-sm-12\">\n<div class=\"vc_column-inner \">\n<div class=\"wpb_wrapper\">\n<div class=\"wpb_gmaps_widget wpb_content_element\">\n<div class=\"wpb_wrapper\">\n<div class=\"wpb_map_wraper\">\n<div class=\"fluid-width-video-wrapper\"><iframe src=\"https:\/\/www.google.com\/maps\/embed?pb=!1m18!1m12!1m3!1d3009.879689253277!2d29.05969531526606!3d41.02788802616703!2m3!1f0!2f0!3f0!3m2!1i1024!2i768!4f13.1!3m3!1m2!1s0x14cac83d9366b363%3A0xf52a105f638dd37e!2sIQPRO+Kolay+Y%C3%B6netilebilir+Teknoloji!5e0!3m2!1str!2str!4v1516733683650\" name=\"fitvid0\" frameborder=\"0\" allowfullscreen=\"allowfullscreen\" data-mce-fragment=\"1\"><\/iframe><\/div>\n<\/div>\n<\/div>\n<\/div>\n<\/div>\n<\/div>\n<\/div>\n<\/div>\n<div class=\"vc_row wpb_row vc_row-fluid\">\n<div class=\"wpb_column vc_column_container vc_col-sm-12\">\n<div class=\"vc_column-inner \">\n<div class=\"wpb_wrapper\">\n<div class=\"wpb_text_column wpb_content_element \">\n<div class=\"wpb_wrapper\">\n<p>Burhaniye Mah. Yunusemre Sk. No:63\/3 D:5 \u00dcsk\u00fcdar | \u0130stanbul<\/p>\n<p>0532 270 07 77<\/p>\n<p>www.iqpro.com.tr | \u00a0www.yatinternet.com | www.marinehifi.com<\/p>\n<\/div>\n<\/div>\n<\/div>\n<\/div>\n<\/div>\n<\/div>\n","protected":false},"excerpt":{"rendered":"<p>Burhaniye Mah. Yunusemre Sk. No:63\/3 D:5 \u00dcsk\u00fcdar | \u0130stanbul 0532 270 07 77 www.iqpro.com.tr | \u00a0www.yatinternet.com | www.marinehifi.com<\/p>\n","protected":false},"author":1,"featured_media":0,"parent":0,"menu_order":0,"comment_status":"closed","ping_status":"closed","template":"","meta":{"footnotes":""},"class_list":["post-79","page","type-page","status-publish","hentry"],"yoast_head":"<!-- This site is optimized with the Yoast SEO plugin v25.6 - https:\/\/yoast.com\/wordpress\/plugins\/seo\/ -->\n<title>\u0130leti\u015fim - Yat \u0130nternet<\/title>\n<meta name=\"robots\" content=\"index, follow, max-snippet:-1, max-image-preview:large, max-video-preview:-1\" \/>\n<link rel=\"canonical\" href=\"http:\/\/www.yatinternet.com\/?page_id=79\" \/>\n<meta property=\"og:locale\" content=\"tr_TR\" \/>\n<meta property=\"og:type\" content=\"article\" \/>\n<meta property=\"og:title\" content=\"\u0130leti\u015fim - Yat \u0130nternet\" \/>\n<meta property=\"og:description\" content=\"Burhaniye Mah. Yunusemre Sk. No:63\/3 D:5 \u00dcsk\u00fcdar | \u0130stanbul 0532 270 07 77 www.iqpro.com.tr | \u00a0www.yatinternet.com | www.marinehifi.com\" \/>\n<meta property=\"og:url\" content=\"http:\/\/www.yatinternet.com\/?page_id=79\" \/>\n<meta property=\"og:site_name\" content=\"Yat \u0130nternet\" \/>\n<meta name=\"twitter:card\" content=\"summary_large_image\" \/>\n<script type=\"application\/ld+json\" class=\"yoast-schema-graph\">{\"@context\":\"https:\/\/schema.org\",\"@graph\":[{\"@type\":\"WebPage\",\"@id\":\"http:\/\/www.yatinternet.com\/?page_id=79\",\"url\":\"http:\/\/www.yatinternet.com\/?page_id=79\",\"name\":\"\u0130leti\u015fim - Yat \u0130nternet\",\"isPartOf\":{\"@id\":\"http:\/\/www.yatinternet.com\/#website\"},\"datePublished\":\"2024-09-17T14:49:43+00:00\",\"breadcrumb\":{\"@id\":\"http:\/\/www.yatinternet.com\/?page_id=79#breadcrumb\"},\"inLanguage\":\"tr\",\"potentialAction\":[{\"@type\":\"ReadAction\",\"target\":[\"http:\/\/www.yatinternet.com\/?page_id=79\"]}]},{\"@type\":\"BreadcrumbList\",\"@id\":\"http:\/\/www.yatinternet.com\/?page_id=79#breadcrumb\",\"itemListElement\":[{\"@type\":\"ListItem\",\"position\":1,\"name\":\"Anasayfa\",\"item\":\"http:\/\/www.yatinternet.com\/\"},{\"@type\":\"ListItem\",\"position\":2,\"name\":\"\u0130leti\u015fim\"}]},{\"@type\":\"WebSite\",\"@id\":\"http:\/\/www.yatinternet.com\/#website\",\"url\":\"http:\/\/www.yatinternet.com\/\",\"name\":\"Yat \u0130nternet\",\"description\":\"Tekne \u0130nternet Sistemleri\",\"publisher\":{\"@id\":\"http:\/\/www.yatinternet.com\/#organization\"},\"potentialAction\":[{\"@type\":\"SearchAction\",\"target\":{\"@type\":\"EntryPoint\",\"urlTemplate\":\"http:\/\/www.yatinternet.com\/?s={search_term_string}\"},\"query-input\":{\"@type\":\"PropertyValueSpecification\",\"valueRequired\":true,\"valueName\":\"search_term_string\"}}],\"inLanguage\":\"tr\"},{\"@type\":\"Organization\",\"@id\":\"http:\/\/www.yatinternet.com\/#organization\",\"name\":\"IQPRO Kolay Y\u00f6netilebilir Teknoloji\",\"url\":\"http:\/\/www.yatinternet.com\/\",\"logo\":{\"@type\":\"ImageObject\",\"inLanguage\":\"tr\",\"@id\":\"http:\/\/www.yatinternet.com\/#\/schema\/logo\/image\/\",\"url\":\"https:\/\/i0.wp.com\/www.yatinternet.com\/wp-content\/uploads\/2024\/09\/iqpro-500x500-YUVARLAK-kontor-siyah.png?fit=520%2C520\",\"contentUrl\":\"https:\/\/i0.wp.com\/www.yatinternet.com\/wp-content\/uploads\/2024\/09\/iqpro-500x500-YUVARLAK-kontor-siyah.png?fit=520%2C520\",\"width\":520,\"height\":520,\"caption\":\"IQPRO Kolay Y\u00f6netilebilir Teknoloji\"},\"image\":{\"@id\":\"http:\/\/www.yatinternet.com\/#\/schema\/logo\/image\/\"}}]}<\/script>\n<!-- \/ Yoast SEO plugin. -->","yoast_head_json":{"title":"\u0130leti\u015fim - Yat \u0130nternet","robots":{"index":"index","follow":"follow","max-snippet":"max-snippet:-1","max-image-preview":"max-image-preview:large","max-video-preview":"max-video-preview:-1"},"canonical":"http:\/\/www.yatinternet.com\/?page_id=79","og_locale":"tr_TR","og_type":"article","og_title":"\u0130leti\u015fim - Yat \u0130nternet","og_description":"Burhaniye Mah. Yunusemre Sk. No:63\/3 D:5 \u00dcsk\u00fcdar | \u0130stanbul 0532 270 07 77 www.iqpro.com.tr | \u00a0www.yatinternet.com | www.marinehifi.com","og_url":"http:\/\/www.yatinternet.com\/?page_id=79","og_site_name":"Yat \u0130nternet","twitter_card":"summary_large_image","schema":{"@context":"https:\/\/schema.org","@graph":[{"@type":"WebPage","@id":"http:\/\/www.yatinternet.com\/?page_id=79","url":"http:\/\/www.yatinternet.com\/?page_id=79","name":"\u0130leti\u015fim - Yat \u0130nternet","isPartOf":{"@id":"http:\/\/www.yatinternet.com\/#website"},"datePublished":"2024-09-17T14:49:43+00:00","breadcrumb":{"@id":"http:\/\/www.yatinternet.com\/?page_id=79#breadcrumb"},"inLanguage":"tr","potentialAction":[{"@type":"ReadAction","target":["http:\/\/www.yatinternet.com\/?page_id=79"]}]},{"@type":"BreadcrumbList","@id":"http:\/\/www.yatinternet.com\/?page_id=79#breadcrumb","itemListElement":[{"@type":"ListItem","position":1,"name":"Anasayfa","item":"http:\/\/www.yatinternet.com\/"},{"@type":"ListItem","position":2,"name":"\u0130leti\u015fim"}]},{"@type":"WebSite","@id":"http:\/\/www.yatinternet.com\/#website","url":"http:\/\/www.yatinternet.com\/","name":"Yat \u0130nternet","description":"Tekne \u0130nternet Sistemleri","publisher":{"@id":"http:\/\/www.yatinternet.com\/#organization"},"potentialAction":[{"@type":"SearchAction","target":{"@type":"EntryPoint","urlTemplate":"http:\/\/www.yatinternet.com\/?s={search_term_string}"},"query-input":{"@type":"PropertyValueSpecification","valueRequired":true,"valueName":"search_term_string"}}],"inLanguage":"tr"},{"@type":"Organization","@id":"http:\/\/www.yatinternet.com\/#organization","name":"IQPRO Kolay Y\u00f6netilebilir Teknoloji","url":"http:\/\/www.yatinternet.com\/","logo":{"@type":"ImageObject","inLanguage":"tr","@id":"http:\/\/www.yatinternet.com\/#\/schema\/logo\/image\/","url":"https:\/\/i0.wp.com\/www.yatinternet.com\/wp-content\/uploads\/2024\/09\/iqpro-500x500-YUVARLAK-kontor-siyah.png?fit=520%2C520","contentUrl":"https:\/\/i0.wp.com\/www.yatinternet.com\/wp-content\/uploads\/2024\/09\/iqpro-500x500-YUVARLAK-kontor-siyah.png?fit=520%2C520","width":520,"height":520,"caption":"IQPRO Kolay Y\u00f6netilebilir Teknoloji"},"image":{"@id":"http:\/\/www.yatinternet.com\/#\/schema\/logo\/image\/"}}]}},"jetpack-related-posts":[],"jetpack_sharing_enabled":true,"_links":{"self":[{"href":"http:\/\/www.yatinternet.com\/index.php?rest_route=\/wp\/v2\/pages\/79"}],"collection":[{"href":"http:\/\/www.yatinternet.com\/index.php?rest_route=\/wp\/v2\/pages"}],"about":[{"href":"http:\/\/www.yatinternet.com\/index.php?rest_route=\/wp\/v2\/types\/page"}],"author":[{"embeddable":true,"href":"http:\/\/www.yatinternet.com\/index.php?rest_route=\/wp\/v2\/users\/1"}],"replies":[{"embeddable":true,"href":"http:\/\/www.yatinternet.com\/index.php?rest_route=%2Fwp%2Fv2%2Fcomments&post=79"}],"version-history":[{"count":1,"href":"http:\/\/www.yatinternet.com\/index.php?rest_route=\/wp\/v2\/pages\/79\/revisions"}],"predecessor-version":[{"id":80,"href":"http:\/\/www.yatinternet.com\/index.php?rest_route=\/wp\/v2\/pages\/79\/revisions\/80"}],"wp:attachment":[{"href":"http:\/\/www.yatinternet.com\/index.php?rest_route=%2Fwp%2Fv2%2Fmedia&parent=79"}],"curies":[{"name":"wp","href":"https:\/\/api.w.org\/{rel}","templated":true}]}}